{"id":1569,"date":"2026-04-15T14:47:13","date_gmt":"2026-04-15T14:47:13","guid":{"rendered":"https:\/\/governancehouse.net\/strategy-development-and-execution\/"},"modified":"2026-04-15T15:49:21","modified_gmt":"2026-04-15T15:49:21","slug":"strategy-development-and-execution","status":"publish","type":"page","link":"https:\/\/governancehouse.net\/fr\/strategy-development-and-execution\/","title":{"rendered":"\u00c9laboration et mise en \u0153uvre de strat\u00e9gies"},"content":{"rendered":"","protected":false},"excerpt":{"rendered":"","protected":false},"author":1,"featured_media":0,"parent":0,"menu_order":0,"comment_status":"closed","ping_status":"closed","template":"elementor_header_footer","meta":{"footnotes":""},"class_list":["post-1569","page","type-page","status-publish","hentry"],"_links":{"self":[{"href":"https:\/\/governancehouse.net\/fr\/wp-json\/wp\/v2\/pages\/1569","targetHints":{"allow":["GET"]}}],"collection":[{"href":"https:\/\/governancehouse.net\/fr\/wp-json\/wp\/v2\/pages"}],"about":[{"href":"https:\/\/governancehouse.net\/fr\/wp-json\/wp\/v2\/types\/page"}],"author":[{"embeddable":true,"href":"https:\/\/governancehouse.net\/fr\/wp-json\/wp\/v2\/users\/1"}],"replies":[{"embeddable":true,"href":"https:\/\/governancehouse.net\/fr\/wp-json\/wp\/v2\/comments?post=1569"}],"version-history":[{"count":1,"href":"https:\/\/governancehouse.net\/fr\/wp-json\/wp\/v2\/pages\/1569\/revisions"}],"predecessor-version":[{"id":1570,"href":"https:\/\/governancehouse.net\/fr\/wp-json\/wp\/v2\/pages\/1569\/revisions\/1570"}],"wp:attachment":[{"href":"https:\/\/governancehouse.net\/fr\/wp-json\/wp\/v2\/media?parent=1569"}],"curies":[{"name":"wp","href":"https:\/\/api.w.org\/{rel}","templated":true}]}}