{"id":1092,"date":"2026-03-08T07:44:06","date_gmt":"2026-03-08T07:44:06","guid":{"rendered":"https:\/\/governancehouse.net\/business-process-automation\/"},"modified":"2026-03-25T08:11:58","modified_gmt":"2026-03-25T08:11:58","slug":"business-process-automation","status":"publish","type":"page","link":"https:\/\/governancehouse.net\/fr\/business-process-automation\/","title":{"rendered":"Automatisation d&rsquo;entreprise"},"content":{"rendered":"\t\t<div data-elementor-type=\"wp-page\" data-elementor-id=\"1092\" class=\"elementor elementor-1092 elementor-658\" data-elementor-post-type=\"page\">\n\t\t\t\t\t\t<section class=\"elementor-section elementor-top-section elementor-element elementor-element-4526959 elementor-section-boxed elementor-section-height-default elementor-section-height-default\" data-id=\"4526959\" data-element_type=\"section\" data-e-type=\"section\" data-settings=\"{&quot;background_background&quot;:&quot;classic&quot;,&quot;background_motion_fx_motion_fx_scrolling&quot;:&quot;yes&quot;,&quot;background_motion_fx_translateX_effect&quot;:&quot;yes&quot;,&quot;background_motion_fx_translateX_speed&quot;:{&quot;unit&quot;:&quot;px&quot;,&quot;size&quot;:4,&quot;sizes&quot;:[]},&quot;background_motion_fx_translateX_affectedRange&quot;:{&quot;unit&quot;:&quot;%&quot;,&quot;size&quot;:&quot;&quot;,&quot;sizes&quot;:{&quot;start&quot;:0,&quot;end&quot;:100}},&quot;background_motion_fx_devices&quot;:[&quot;desktop&quot;,&quot;tablet&quot;,&quot;mobile&quot;]}\">\n\t\t\t\t\t\t\t<div class=\"elementor-background-overlay\"><\/div>\n\t\t\t\t\t\t\t<div class=\"elementor-container elementor-column-gap-default\">\n\t\t\t\t\t<div class=\"elementor-column elementor-col-100 elementor-top-column elementor-element elementor-element-ffd0983\" data-id=\"ffd0983\" data-element_type=\"column\" data-e-type=\"column\">\n\t\t\t<div class=\"elementor-widget-wrap elementor-element-populated\">\n\t\t\t\t\t\t<div class=\"elementor-element elementor-element-5d9a3ab elementor-widget elementor-widget-heading\" data-id=\"5d9a3ab\" data-element_type=\"widget\" data-e-type=\"widget\" data-widget_type=\"heading.default\">\n\t\t\t\t\t<h2 class=\"elementor-heading-title elementor-size-default\">Automatisation d&rsquo;entreprise<\/h2>\t\t\t\t<\/div>\n\t\t\t\t<div class=\"elementor-element elementor-element-c2ca69c elementor-widget elementor-widget-text-editor\" data-id=\"c2ca69c\" data-element_type=\"widget\" data-e-type=\"widget\" data-widget_type=\"text-editor.default\">\n\t\t\t\t\t\t\t\t\t<p>Accueil &#8211; Automatisation d&rsquo;entreprise<\/p>\t\t\t\t\t\t\t\t<\/div>\n\t\t\t\t\t<\/div>\n\t\t<\/div>\n\t\t\t\t\t<\/div>\n\t\t<\/section>\n\t\t\t\t<section class=\"elementor-section elementor-top-section elementor-element elementor-element-2ead36f elementor-section-boxed elementor-section-height-default elementor-section-height-default\" data-id=\"2ead36f\" data-element_type=\"section\" data-e-type=\"section\" data-settings=\"{&quot;background_background&quot;:&quot;classic&quot;}\">\n\t\t\t\t\t\t<div class=\"elementor-container elementor-column-gap-default\">\n\t\t\t\t\t<div class=\"elementor-column elementor-col-50 elementor-top-column elementor-element elementor-element-d330867\" data-id=\"d330867\" data-element_type=\"column\" data-e-type=\"column\">\n\t\t\t<div class=\"elementor-widget-wrap elementor-element-populated\">\n\t\t\t\t\t\t<div class=\"elementor-element elementor-element-23ae8ef elementor-widget elementor-widget-image\" data-id=\"23ae8ef\" data-element_type=\"widget\" data-e-type=\"widget\" data-widget_type=\"image.default\">\n\t\t\t\t\t\t\t\t\t\t\t\t\t\t\t<img fetchpriority=\"high\" decoding=\"async\" width=\"1000\" height=\"572\" src=\"https:\/\/governancehouse.net\/wp-content\/uploads\/2026\/03\/2151917458.jpg\" class=\"attachment-full size-full wp-image-1090\" alt=\"\" srcset=\"https:\/\/governancehouse.net\/wp-content\/uploads\/2026\/03\/2151917458.jpg 1000w, https:\/\/governancehouse.net\/wp-content\/uploads\/2026\/03\/2151917458-300x172.jpg 300w, https:\/\/governancehouse.net\/wp-content\/uploads\/2026\/03\/2151917458-768x439.jpg 768w\" sizes=\"(max-width: 1000px) 100vw, 1000px\" \/>\t\t\t\t\t\t\t\t\t\t\t\t\t\t\t<\/div>\n\t\t\t\t<div class=\"elementor-element elementor-element-e454132 elementor-widget elementor-widget-heading\" data-id=\"e454132\" data-element_type=\"widget\" data-e-type=\"widget\" data-widget_type=\"heading.default\">\n\t\t\t\t\t<h3 class=\"elementor-heading-title elementor-size-default\">Automatisation d&rsquo;entreprise<\/h3>\t\t\t\t<\/div>\n\t\t\t\t<div class=\"elementor-element elementor-element-69e6fc5 elementor-widget elementor-widget-text-editor\" data-id=\"69e6fc5\" data-element_type=\"widget\" data-e-type=\"widget\" data-widget_type=\"text-editor.default\">\n\t\t\t\t\t\t\t\t\t<p>Dans un monde o\u00f9 les transformations num\u00e9riques s&rsquo;acc\u00e9l\u00e8rent, les organisations ont besoin de solutions capables de transformer des processus traditionnels complexes en op\u00e9rations num\u00e9riques intelligentes et rapides, renfor\u00e7ant l&rsquo;efficacit\u00e9 et soutenant la prise de d\u00e9cision.<\/p>\t\t\t\t\t\t\t\t<\/div>\n\t\t\t\t<div class=\"elementor-element elementor-element-308c862 elementor-widget elementor-widget-text-editor\" data-id=\"308c862\" data-element_type=\"widget\" data-e-type=\"widget\" data-widget_type=\"text-editor.default\">\n\t\t\t\t\t\t\t\t\t<p>Gr\u00e2ce \u00e0 la plateforme GHBPM, notre soci\u00e9t\u00e9 propose des solutions avanc\u00e9es dans le domaine de l&rsquo;automatisation des processus m\u00e9tier, permettant aux institutions gouvernementales et financi\u00e8res d&rsquo;acc\u00e9l\u00e9rer les proc\u00e9dures, d&rsquo;accro\u00eetre l&rsquo;efficacit\u00e9 op\u00e9rationnelle et d&rsquo;am\u00e9liorer la gouvernance et la transparence dans divers processus administratifs et op\u00e9rationnels.<\/p>\t\t\t\t\t\t\t\t<\/div>\n\t\t\t\t<div class=\"elementor-element elementor-element-2a4054f elementor-widget elementor-widget-text-editor\" data-id=\"2a4054f\" data-element_type=\"widget\" data-e-type=\"widget\" data-widget_type=\"text-editor.default\">\n\t\t\t\t\t\t\t\t\t<p>La plateforme GHBPM s&rsquo;appuie sur les technologies de gestion des flux de travail les plus r\u00e9centes, avec des d\u00e9veloppements avanc\u00e9s qui permettent aux organisations de concevoir et de g\u00e9rer leurs processus facilement et de mani\u00e8re flexible en utilisant des technologies Low-Code \/ No-Code sans avoir besoin de d\u00e9veloppement logiciel complexe.<\/p>\t\t\t\t\t\t\t\t<\/div>\n\t\t\t\t<div class=\"elementor-element elementor-element-a297f8d elementor-widget elementor-widget-text-editor\" data-id=\"a297f8d\" data-element_type=\"widget\" data-e-type=\"widget\" data-widget_type=\"text-editor.default\">\n\t\t\t\t\t\t\t\t\t<p>Dans ce contexte, la soci\u00e9t\u00e9 d\u00e9veloppe et met en \u0153uvre plusieurs projets d&rsquo;automatisation des processus pour diverses institutions financi\u00e8res, notamment\u00a0:<\/p><ul><li><strong>Wahda Bank<\/strong><\/li><li><strong>Sahel-Sahara Bank (BSIC) en Libye et au Niger<\/strong><\/li><\/ul>\t\t\t\t\t\t\t\t<\/div>\n\t\t\t\t<div class=\"elementor-element elementor-element-28535e3 elementor-widget elementor-widget-text-editor\" data-id=\"28535e3\" data-element_type=\"widget\" data-e-type=\"widget\" data-widget_type=\"text-editor.default\">\n\t\t\t\t\t\t\t\t\t<h5><strong>Valeur ajout\u00e9e de la plateforme GHBPM<\/strong><\/h5><p>La plateforme GHBPM est con\u00e7ue comme une solution de gestion des processus m\u00e9tier flexible et \u00e9volutive, permettant aux grandes institutions de g\u00e9rer efficacement leurs op\u00e9rations num\u00e9riques et de r\u00e9ussir leur transformation num\u00e9rique de mani\u00e8re efficiente et durable.<\/p>\t\t\t\t\t\t\t\t<\/div>\n\t\t\t\t<div class=\"elementor-element elementor-element-a0d912d elementor-widget elementor-widget-text-editor\" data-id=\"a0d912d\" data-element_type=\"widget\" data-e-type=\"widget\" data-widget_type=\"text-editor.default\">\n\t\t\t\t\t\t\t\t\t<h5><strong>Fonctionnalit\u00e9s cl\u00e9s de la plateforme<\/strong><\/h5><h6><strong><span style=\"color: #ff0000;\"><br \/>1- Conception simplifi\u00e9e des processus<\/span><\/strong><\/h6><p>La possibilit\u00e9 de concevoir et de modifier des processus via une interface visuelle, gr\u00e2ce \u00e0 une approche low-code\/no-code, permet une cr\u00e9ation rapide de processus sans d\u00e9veloppement logiciel complexe.<\/p><h6><strong><span style=\"color: #ff0000;\"><br \/>2- Gestion des flux de travail et des approbations<\/span><\/strong><\/h6><p>Un syst\u00e8me int\u00e9gr\u00e9 de gestion des flux de travail et des approbations au sein de l&rsquo;organisation, avec la possibilit\u00e9 de personnaliser les r\u00e8gles et les sc\u00e9narios en fonction des politiques de l&rsquo;entreprise.<\/p><h6><strong><span style=\"color: #ff0000;\">3- Int\u00e9gration avec les syst\u00e8mes institutionnels<\/span><\/strong><\/h6><p>Capacit\u00e9 d&rsquo;int\u00e9gration avec divers syst\u00e8mes bancaires et institutionnels, tels que\u00a0:<\/p><ul><li>Syst\u00e8mes ERP<\/li><li>Syst\u00e8mes de gestion documentaire (GED)<\/li><\/ul><p><br \/>Pour garantir une circulation fluide des donn\u00e9es entre les syst\u00e8mes.<\/p><h6><span style=\"color: #ff0000;\"><strong>4- Gestion documentaire et archivage num\u00e9rique<\/strong><\/span><\/h6><p>Prise en charge int\u00e9gr\u00e9e de l&rsquo;archivage num\u00e9rique et de la liaison des documents aux processus et proc\u00e9dures, facilitant ainsi l&rsquo;organisation et l&rsquo;acc\u00e8s \u00e0 l&rsquo;information.<\/p><h6><strong><span style=\"color: #ff0000;\">5- Analyse et rapports<\/span><\/strong><\/h6><p>Fourniture de tableaux de bord et de rapports analytiques permettant \u00e0 la direction de suivre les performances op\u00e9rationnelles et de prendre des d\u00e9cisions plus rapides et plus pr\u00e9cises.<\/p><h6><strong><span style=\"color: #ff0000;\">6- \u00c9volutivit\u00e9<\/span><\/strong><\/h6><p>La plateforme est con\u00e7ue pour les grandes organisations et les banques, et offre un potentiel d&rsquo;\u00e9volutivit\u00e9 et d&rsquo;int\u00e9gration avec diff\u00e9rentes technologies.<\/p>\t\t\t\t\t\t\t\t<\/div>\n\t\t\t\t\t<\/div>\n\t\t<\/div>\n\t\t\t\t<div class=\"elementor-column elementor-col-50 elementor-top-column elementor-element elementor-element-2b6fa57\" data-id=\"2b6fa57\" data-element_type=\"column\" data-e-type=\"column\">\n\t\t\t<div class=\"elementor-widget-wrap elementor-element-populated\">\n\t\t\t\t\t\t<section class=\"elementor-section elementor-inner-section elementor-element elementor-element-48148da elementor-section-boxed elementor-section-height-default elementor-section-height-default\" data-id=\"48148da\" data-element_type=\"section\" data-e-type=\"section\" data-settings=\"{&quot;background_background&quot;:&quot;classic&quot;}\">\n\t\t\t\t\t\t<div class=\"elementor-container elementor-column-gap-no\">\n\t\t\t\t\t<div class=\"elementor-column elementor-col-100 elementor-inner-column elementor-element elementor-element-b71852e\" data-id=\"b71852e\" data-element_type=\"column\" data-e-type=\"column\">\n\t\t\t<div class=\"elementor-widget-wrap elementor-element-populated\">\n\t\t\t\t\t\t<div class=\"elementor-element elementor-element-a7a897f elementor-widget elementor-widget-heading\" data-id=\"a7a897f\" data-element_type=\"widget\" data-e-type=\"widget\" data-widget_type=\"heading.default\">\n\t\t\t\t\t<h4 class=\"elementor-heading-title elementor-size-default\">Nos services<\/h4>\t\t\t\t<\/div>\n\t\t\t\t<div class=\"elementor-element elementor-element-644674a elementor-nav-menu--dropdown-none elementor-widget elementor-widget-nav-menu\" data-id=\"644674a\" data-element_type=\"widget\" data-e-type=\"widget\" data-settings=\"{&quot;layout&quot;:&quot;vertical&quot;,&quot;submenu_icon&quot;:{&quot;value&quot;:&quot;&lt;svg aria-hidden=\\&quot;true\\&quot; class=\\&quot;e-font-icon-svg e-fas-caret-down\\&quot; viewBox=\\&quot;0 0 320 512\\&quot; xmlns=\\&quot;http:\\\/\\\/www.w3.org\\\/2000\\\/svg\\&quot;&gt;&lt;path d=\\&quot;M31.3 192h257.3c17.8 0 26.7 21.5 14.1 34.1L174.1 354.8c-7.8 7.8-20.5 7.8-28.3 0L17.2 226.1C4.6 213.5 13.5 192 31.3 192z\\&quot;&gt;&lt;\\\/path&gt;&lt;\\\/svg&gt;&quot;,&quot;library&quot;:&quot;fa-solid&quot;}}\" data-widget_type=\"nav-menu.default\">\n\t\t\t\t\t\t\t\t<nav aria-label=\"Menu\" class=\"elementor-nav-menu--main elementor-nav-menu__container elementor-nav-menu--layout-vertical e--pointer-none\">\n\t\t\t\t<ul id=\"menu-1-644674a\" class=\"elementor-nav-menu sm-vertical\"><li class=\"menu-item menu-item-type-custom menu-item-object-custom menu-item-691\"><a href=\"https:\/\/gh.academy\/\" class=\"elementor-item\">Academy<\/a><\/li>\n<li class=\"menu-item menu-item-type-post_type menu-item-object-page menu-item-740\"><a href=\"https:\/\/governancehouse.net\/it-consultancy\/\" class=\"elementor-item\">Conseil Informatique<\/a><\/li>\n<li class=\"menu-item menu-item-type-post_type menu-item-object-page menu-item-689\"><a href=\"https:\/\/governancehouse.net\/business-process-automation\/\" class=\"elementor-item\">Automatisation d&rsquo;entreprise<\/a><\/li>\n<\/ul>\t\t\t<\/nav>\n\t\t\t\t\t\t<nav class=\"elementor-nav-menu--dropdown elementor-nav-menu__container\" aria-hidden=\"true\">\n\t\t\t\t<ul id=\"menu-2-644674a\" class=\"elementor-nav-menu sm-vertical\"><li class=\"menu-item menu-item-type-custom menu-item-object-custom menu-item-691\"><a href=\"https:\/\/gh.academy\/\" class=\"elementor-item\" tabindex=\"-1\">Academy<\/a><\/li>\n<li class=\"menu-item menu-item-type-post_type menu-item-object-page menu-item-740\"><a href=\"https:\/\/governancehouse.net\/it-consultancy\/\" class=\"elementor-item\" tabindex=\"-1\">Conseil Informatique<\/a><\/li>\n<li class=\"menu-item menu-item-type-post_type menu-item-object-page menu-item-689\"><a href=\"https:\/\/governancehouse.net\/business-process-automation\/\" class=\"elementor-item\" tabindex=\"-1\">Automatisation d&rsquo;entreprise<\/a><\/li>\n<\/ul>\t\t\t<\/nav>\n\t\t\t\t\t\t<\/div>\n\t\t\t\t\t<\/div>\n\t\t<\/div>\n\t\t\t\t\t<\/div>\n\t\t<\/section>\n\t\t\t\t<section class=\"elementor-section elementor-inner-section elementor-element elementor-element-5d9af18 elementor-section-boxed elementor-section-height-default elementor-section-height-default\" data-id=\"5d9af18\" data-element_type=\"section\" data-e-type=\"section\" data-settings=\"{&quot;background_background&quot;:&quot;classic&quot;,&quot;background_motion_fx_motion_fx_scrolling&quot;:&quot;yes&quot;,&quot;background_motion_fx_translateX_effect&quot;:&quot;yes&quot;,&quot;background_motion_fx_translateX_speed&quot;:{&quot;unit&quot;:&quot;px&quot;,&quot;size&quot;:4,&quot;sizes&quot;:[]},&quot;background_motion_fx_translateX_affectedRange&quot;:{&quot;unit&quot;:&quot;%&quot;,&quot;size&quot;:&quot;&quot;,&quot;sizes&quot;:{&quot;start&quot;:0,&quot;end&quot;:100}},&quot;background_motion_fx_devices&quot;:[&quot;desktop&quot;,&quot;tablet&quot;,&quot;mobile&quot;]}\">\n\t\t\t\t\t\t\t<div class=\"elementor-background-overlay\"><\/div>\n\t\t\t\t\t\t\t<div class=\"elementor-container elementor-column-gap-no\">\n\t\t\t\t\t<div class=\"elementor-column elementor-col-100 elementor-inner-column elementor-element elementor-element-1cf0989\" data-id=\"1cf0989\" data-element_type=\"column\" data-e-type=\"column\">\n\t\t\t<div class=\"elementor-widget-wrap elementor-element-populated\">\n\t\t\t\t\t\t<div class=\"elementor-element elementor-element-03183ac elementor-widget elementor-widget-heading\" data-id=\"03183ac\" data-element_type=\"widget\" data-e-type=\"widget\" data-widget_type=\"heading.default\">\n\t\t\t\t\t<h3 class=\"elementor-heading-title elementor-size-default\">Nous sommes toujours pr\u00eats \u00e0 vous aider<\/h3>\t\t\t\t<\/div>\n\t\t\t\t<div class=\"elementor-element elementor-element-f920b87 elementor-widget elementor-widget-text-editor\" data-id=\"f920b87\" data-element_type=\"widget\" data-e-type=\"widget\" data-widget_type=\"text-editor.default\">\n\t\t\t\t\t\t\t\t\t<p>Pour des solutions technologiques sur mesure et un accompagnement strat\u00e9gique, notre \u00e9quipe d\u00e9di\u00e9e se tient \u00e0 votre enti\u00e8re disposition \u2014 alliant expertise, fiabilit\u00e9 et r\u00e9sultats concrets au moment o\u00f9 cela compte le plus<\/p>\t\t\t\t\t\t\t\t<\/div>\n\t\t\t\t<div class=\"elementor-element elementor-element-31cc2d5 elementor-align-center elementor-widget elementor-widget-button\" data-id=\"31cc2d5\" data-element_type=\"widget\" data-e-type=\"widget\" data-widget_type=\"button.default\">\n\t\t\t\t\t\t\t\t\t\t<a class=\"elementor-button elementor-button-link elementor-size-sm\" href=\"\/contact\">\n\t\t\t\t\t\t<span class=\"elementor-button-content-wrapper\">\n\t\t\t\t\t\t\t\t\t<span class=\"elementor-button-text\">Contact<\/span>\n\t\t\t\t\t<\/span>\n\t\t\t\t\t<\/a>\n\t\t\t\t\t\t\t\t<\/div>\n\t\t\t\t\t<\/div>\n\t\t<\/div>\n\t\t\t\t\t<\/div>\n\t\t<\/section>\n\t\t\t\t\t<\/div>\n\t\t<\/div>\n\t\t\t\t\t<\/div>\n\t\t<\/section>\n\t\t\t\t<\/div>\n\t\t","protected":false},"excerpt":{"rendered":"<p>Accueil &#8211; Automatisation d&rsquo;entreprise Dans un monde o\u00f9 les transformations num\u00e9riques s&rsquo;acc\u00e9l\u00e8rent, les organisations ont besoin de solutions capables de transformer des processus traditionnels complexes en op\u00e9rations num\u00e9riques intelligentes et rapides, renfor\u00e7ant l&rsquo;efficacit\u00e9 et soutenant la prise de d\u00e9cision. Gr\u00e2ce \u00e0 la plateforme GHBPM, notre soci\u00e9t\u00e9 propose des solutions avanc\u00e9es dans le domaine de l&rsquo;automatisation [&hellip;]<\/p>\n","protected":false},"author":1,"featured_media":0,"parent":0,"menu_order":0,"comment_status":"closed","ping_status":"closed","template":"elementor_header_footer","meta":{"footnotes":""},"class_list":["post-1092","page","type-page","status-publish","hentry"],"_links":{"self":[{"href":"https:\/\/governancehouse.net\/fr\/wp-json\/wp\/v2\/pages\/1092","targetHints":{"allow":["GET"]}}],"collection":[{"href":"https:\/\/governancehouse.net\/fr\/wp-json\/wp\/v2\/pages"}],"about":[{"href":"https:\/\/governancehouse.net\/fr\/wp-json\/wp\/v2\/types\/page"}],"author":[{"embeddable":true,"href":"https:\/\/governancehouse.net\/fr\/wp-json\/wp\/v2\/users\/1"}],"replies":[{"embeddable":true,"href":"https:\/\/governancehouse.net\/fr\/wp-json\/wp\/v2\/comments?post=1092"}],"version-history":[{"count":26,"href":"https:\/\/governancehouse.net\/fr\/wp-json\/wp\/v2\/pages\/1092\/revisions"}],"predecessor-version":[{"id":1199,"href":"https:\/\/governancehouse.net\/fr\/wp-json\/wp\/v2\/pages\/1092\/revisions\/1199"}],"wp:attachment":[{"href":"https:\/\/governancehouse.net\/fr\/wp-json\/wp\/v2\/media?parent=1092"}],"curies":[{"name":"wp","href":"https:\/\/api.w.org\/{rel}","templated":true}]}}